{"id":2185,"date":"2025-08-14T10:52:00","date_gmt":"2025-08-14T10:52:00","guid":{"rendered":"https:\/\/fyraess.se\/?post_type=product&#038;p=2185"},"modified":"2026-02-19T12:00:54","modified_gmt":"2026-02-19T12:00:54","slug":"4s-hand-fotcreme-burk-100-ml","status":"publish","type":"product","link":"https:\/\/fyraess.se\/?product=4s-hand-fotcreme-burk-100-ml","title":{"rendered":"4S Hand &#038; Fotcreme (75ml\/100ml\/500ml)"},"content":{"rendered":"<p>4S Hand- &amp; Fotcreme \u00e4r en specialcreme f\u00f6r b\u00e5de h\u00e4nder och f\u00f6tter med torr och narig hud.<br \/>\nCremen, som \u00e4r en emulsion, g\u00f6r att den snabbt och l\u00e4tt masseras in och g\u00f6r huden smidig och len. Cremen anv\u00e4nds och rekommenderas vid utbildning av hud- och fotterapeuter och har snabbt blivit en favorit.<\/p>\n<p>Cremen inneh\u00e5ller ett naturligt doft\u00e4mne fr\u00e5n citrusfrukter, vilket g\u00f6r huden behaglig och v\u00e4ldoftande. Anv\u00e4nds med f\u00f6rdel \u00e4ven som bodylotion t.ex. efter solbad<\/p>\n<p><strong>Finns i 75ml tub, 100ml burk eller 500ml flaska.<\/strong><\/p>\n<p><strong>Anv\u00e4ndning<\/strong>:Sm\u00f6rj in huden i f\u00f6rebyggande eller behandlande syfte. Ta en mindre m\u00e4ngd, d\u00e5 cremen \u00e4r av h\u00f6g fetthalt och d\u00e4rigenom m\u00e4ttar huden snabbt. Massera in cremen.<\/p>\n","protected":false},"excerpt":{"rendered":"<p>4S Hand- &amp; Fotcreme \u00e4r en specialcreme f\u00f6r b\u00e5de h\u00e4nder och f\u00f6tter med torr och narig hud. Cremen, som \u00e4r en emulsion, g\u00f6r att den snabbt och l\u00e4tt masseras in och g\u00f6r huden smidig och len. Cremen anv\u00e4nds och rekommenderas vid utbildning av hud- och fotterapeuter och har snabbt blivit en favorit. Cremen inneh\u00e5ller ett [&hellip;]<\/p>\n","protected":false},"featured_media":2195,"comment_status":"open","ping_status":"closed","template":"","meta":{"_et_pb_use_builder":"","_et_pb_old_content":"","_et_gb_content_width":""},"product_brand":[],"product_cat":[25,41,33],"product_tag":[],"class_list":{"0":"post-2185","1":"product","2":"type-product","3":"status-publish","4":"has-post-thumbnail","6":"product_cat-alla-produkter","7":"product_cat-lotioner","8":"product_cat-human","10":"first","11":"outofstock","12":"taxable","13":"shipping-taxable","14":"purchasable","15":"product-type-variable","16":"has-default-attributes"},"_links":{"self":[{"href":"https:\/\/fyraess.se\/index.php?rest_route=\/wp\/v2\/product\/2185","targetHints":{"allow":["GET"]}}],"collection":[{"href":"https:\/\/fyraess.se\/index.php?rest_route=\/wp\/v2\/product"}],"about":[{"href":"https:\/\/fyraess.se\/index.php?rest_route=\/wp\/v2\/types\/product"}],"replies":[{"embeddable":true,"href":"https:\/\/fyraess.se\/index.php?rest_route=%2Fwp%2Fv2%2Fcomments&post=2185"}],"wp:featuredmedia":[{"embeddable":true,"href":"https:\/\/fyraess.se\/index.php?rest_route=\/wp\/v2\/media\/2195"}],"wp:attachment":[{"href":"https:\/\/fyraess.se\/index.php?rest_route=%2Fwp%2Fv2%2Fmedia&parent=2185"}],"wp:term":[{"taxonomy":"product_brand","embeddable":true,"href":"https:\/\/fyraess.se\/index.php?rest_route=%2Fwp%2Fv2%2Fproduct_brand&post=2185"},{"taxonomy":"product_cat","embeddable":true,"href":"https:\/\/fyraess.se\/index.php?rest_route=%2Fwp%2Fv2%2Fproduct_cat&post=2185"},{"taxonomy":"product_tag","embeddable":true,"href":"https:\/\/fyraess.se\/index.php?rest_route=%2Fwp%2Fv2%2Fproduct_tag&post=2185"}],"curies":[{"name":"wp","href":"https:\/\/api.w.org\/{rel}","templated":true}]}}