{"id":2183,"date":"2025-08-14T10:52:00","date_gmt":"2025-08-14T10:52:00","guid":{"rendered":"https:\/\/fyraess.se\/?post_type=product&#038;p=2183"},"modified":"2025-08-15T13:30:08","modified_gmt":"2025-08-15T13:30:08","slug":"np-vetegroddolja-1000-ml","status":"publish","type":"product","link":"https:\/\/fyraess.se\/?product=np-vetegroddolja-1000-ml","title":{"rendered":"NP Vetegroddolja (250ml\/500ml\/1000ml)"},"content":{"rendered":"<p>\u00c4kta Vetegroddolja \u00e4r rik p\u00e5 fettsyrorna Linol- och Linolensyra samt riklig p\u00e5 E-vitamin (tokoferol + tokotrienoler). Alla d\u00e4ggdjur kan inte sj\u00e4lva synterisera de livsviktiga fettsyrorna som kr\u00e4vs f\u00f6r v\u00e4vnadernas normala tillv\u00e4xt och funktion, utan m\u00e5ste tillf\u00f6ras i kosten.<\/p>\n<p>Det finns positiva effekter med att ge oljan i samband med uppf\u00f6dning och avel som ger de r\u00e4tta f\u00f6ruts\u00e4ttningarna till ett lyckat resultat.<\/p>\n<p>Dessutom anv\u00e4nds NP \u00c4kta Vetegroddolja f\u00f6r att tillgodose djurets b\u00e4sta inf\u00f6r utst\u00e4llning eller premiering. Ger mycket fin f\u00e4ll och motverkar mj\u00e4llbildning efter ca 3 veckors giva. Karenstid = 0 tim.<\/p>\n<p><strong>Finns i 250ml, 500ml och 1000ml.<\/strong><\/p>\n","protected":false},"excerpt":{"rendered":"<p>\u00c4kta Vetegroddolja \u00e4r rik p\u00e5 fettsyrorna Linol- och Linolensyra samt riklig p\u00e5 E-vitamin (tokoferol + tokotrienoler). Alla d\u00e4ggdjur kan inte sj\u00e4lva synterisera de livsviktiga fettsyrorna som kr\u00e4vs f\u00f6r v\u00e4vnadernas normala tillv\u00e4xt och funktion, utan m\u00e5ste tillf\u00f6ras i kosten. Det finns positiva effekter med att ge oljan i samband med uppf\u00f6dning och avel som ger de [&hellip;]<\/p>\n","protected":false},"featured_media":2244,"comment_status":"open","ping_status":"closed","template":"","meta":{"_et_pb_use_builder":"","_et_pb_old_content":"","_et_gb_content_width":""},"product_brand":[],"product_cat":[25,26,28,27],"product_tag":[],"class_list":{"0":"post-2183","1":"product","2":"type-product","3":"status-publish","4":"has-post-thumbnail","6":"product_cat-alla-produkter","7":"product_cat-djurvard","8":"product_cat-hast","9":"product_cat-hund","11":"first","12":"instock","13":"taxable","14":"shipping-taxable","15":"purchasable","16":"product-type-variable","17":"has-default-attributes"},"_links":{"self":[{"href":"https:\/\/fyraess.se\/index.php?rest_route=\/wp\/v2\/product\/2183","targetHints":{"allow":["GET"]}}],"collection":[{"href":"https:\/\/fyraess.se\/index.php?rest_route=\/wp\/v2\/product"}],"about":[{"href":"https:\/\/fyraess.se\/index.php?rest_route=\/wp\/v2\/types\/product"}],"replies":[{"embeddable":true,"href":"https:\/\/fyraess.se\/index.php?rest_route=%2Fwp%2Fv2%2Fcomments&post=2183"}],"wp:featuredmedia":[{"embeddable":true,"href":"https:\/\/fyraess.se\/index.php?rest_route=\/wp\/v2\/media\/2244"}],"wp:attachment":[{"href":"https:\/\/fyraess.se\/index.php?rest_route=%2Fwp%2Fv2%2Fmedia&parent=2183"}],"wp:term":[{"taxonomy":"product_brand","embeddable":true,"href":"https:\/\/fyraess.se\/index.php?rest_route=%2Fwp%2Fv2%2Fproduct_brand&post=2183"},{"taxonomy":"product_cat","embeddable":true,"href":"https:\/\/fyraess.se\/index.php?rest_route=%2Fwp%2Fv2%2Fproduct_cat&post=2183"},{"taxonomy":"product_tag","embeddable":true,"href":"https:\/\/fyraess.se\/index.php?rest_route=%2Fwp%2Fv2%2Fproduct_tag&post=2183"}],"curies":[{"name":"wp","href":"https:\/\/api.w.org\/{rel}","templated":true}]}}