{"id":2179,"date":"2025-08-14T10:51:56","date_gmt":"2025-08-14T10:51:56","guid":{"rendered":"https:\/\/fyraess.se\/?post_type=product&#038;p=2179"},"modified":"2025-08-15T10:39:05","modified_gmt":"2025-08-15T10:39:05","slug":"4s-tassanova","status":"publish","type":"product","link":"https:\/\/fyraess.se\/?product=4s-tassanova","title":{"rendered":"4S Tassanova"},"content":{"rendered":"<p>4S tassanova \u00e4r ett milt tass-spray som anv\u00e4nds f\u00f6r att f\u00f6rhindra sn\u00f6- och isklumpar i p\u00e4lsen p\u00e5 v\u00e5ra s\u00e4llskapsdjur. Med h\u00e4nsyn till hundars starka luktsinne \u00e4r sprayet helt oparfymerat. Det \u00e4r heller inte inf\u00e4rgat med h\u00e4nsyn till milj\u00f6 och p\u00e4ls. Sammans\u00e4ttningen \u00e4r n\u00e4ra p\u00e4lsens eget PH och inneh\u00e5llet \u00e4r utvalt f\u00f6r att inte skada hunden eller p\u00e4lsen. Tassanova kan anv\u00e4ndas till alla p\u00e4lsdjur.<\/p>\n","protected":false},"excerpt":{"rendered":"<p>4S tassanova \u00e4r ett milt tass-spray som anv\u00e4nds f\u00f6r att f\u00f6rhindra sn\u00f6- och isklumpar i p\u00e4lsen p\u00e5 v\u00e5ra s\u00e4llskapsdjur. Med h\u00e4nsyn till hundars starka luktsinne \u00e4r sprayet helt oparfymerat. Det \u00e4r heller inte inf\u00e4rgat med h\u00e4nsyn till milj\u00f6 och p\u00e4ls. Sammans\u00e4ttningen \u00e4r n\u00e4ra p\u00e4lsens eget PH och inneh\u00e5llet \u00e4r utvalt f\u00f6r att inte skada hunden [&hellip;]<\/p>\n","protected":false},"featured_media":2219,"comment_status":"open","ping_status":"closed","template":"","meta":{"_et_pb_use_builder":"","_et_pb_old_content":"","_et_gb_content_width":""},"product_brand":[],"product_cat":[25,26,27],"product_tag":[],"class_list":{"0":"post-2179","1":"product","2":"type-product","3":"status-publish","4":"has-post-thumbnail","6":"product_cat-alla-produkter","7":"product_cat-djurvard","8":"product_cat-hund","10":"first","11":"instock","12":"taxable","13":"shipping-taxable","14":"purchasable","15":"product-type-simple"},"_links":{"self":[{"href":"https:\/\/fyraess.se\/index.php?rest_route=\/wp\/v2\/product\/2179","targetHints":{"allow":["GET"]}}],"collection":[{"href":"https:\/\/fyraess.se\/index.php?rest_route=\/wp\/v2\/product"}],"about":[{"href":"https:\/\/fyraess.se\/index.php?rest_route=\/wp\/v2\/types\/product"}],"replies":[{"embeddable":true,"href":"https:\/\/fyraess.se\/index.php?rest_route=%2Fwp%2Fv2%2Fcomments&post=2179"}],"wp:featuredmedia":[{"embeddable":true,"href":"https:\/\/fyraess.se\/index.php?rest_route=\/wp\/v2\/media\/2219"}],"wp:attachment":[{"href":"https:\/\/fyraess.se\/index.php?rest_route=%2Fwp%2Fv2%2Fmedia&parent=2179"}],"wp:term":[{"taxonomy":"product_brand","embeddable":true,"href":"https:\/\/fyraess.se\/index.php?rest_route=%2Fwp%2Fv2%2Fproduct_brand&post=2179"},{"taxonomy":"product_cat","embeddable":true,"href":"https:\/\/fyraess.se\/index.php?rest_route=%2Fwp%2Fv2%2Fproduct_cat&post=2179"},{"taxonomy":"product_tag","embeddable":true,"href":"https:\/\/fyraess.se\/index.php?rest_route=%2Fwp%2Fv2%2Fproduct_tag&post=2179"}],"curies":[{"name":"wp","href":"https:\/\/api.w.org\/{rel}","templated":true}]}}