{"id":2178,"date":"2025-08-14T10:51:56","date_gmt":"2025-08-14T10:51:56","guid":{"rendered":"https:\/\/fyraess.se\/?post_type=product&#038;p=2178"},"modified":"2025-08-15T10:38:52","modified_gmt":"2025-08-15T10:38:52","slug":"4s-epipads","status":"publish","type":"product","link":"https:\/\/fyraess.se\/?product=4s-epipads","title":{"rendered":"4S EpiPads"},"content":{"rendered":"<p>4S EpiPads \u00e4r en tassalva som anv\u00e4nds f\u00f6r att mjukg\u00f6ra trampdynorna p\u00e5 din hund. En h\u00e5rd trampdyna har tendens att spricka och medf\u00f6ra stora besv\u00e4r f\u00f6r dig och din hund. Inneh\u00e5llet best\u00e5r av vegetabilisk olja, bivax och ren lanolin. Salvan \u00e4r helt vattenfri. Masseras in i trampdynorna &#8211; ett bra skydd mot salt, sn\u00f6 och is. Anv\u00e4nds p\u00e5 sl\u00e4dhundar av v\u00e4rldens b\u00e4sta sl\u00e4dhundsf\u00f6rare i Europa, Canada och USA. Salvan sm\u00f6rjes \u00e4ven om hundskor anv\u00e4nds.<\/p>\n","protected":false},"excerpt":{"rendered":"<p>4S EpiPads \u00e4r en tassalva som anv\u00e4nds f\u00f6r att mjukg\u00f6ra trampdynorna p\u00e5 din hund. En h\u00e5rd trampdyna har tendens att spricka och medf\u00f6ra stora besv\u00e4r f\u00f6r dig och din hund. Inneh\u00e5llet best\u00e5r av vegetabilisk olja, bivax och ren lanolin. Salvan \u00e4r helt vattenfri. Masseras in i trampdynorna &#8211; ett bra skydd mot salt, sn\u00f6 och [&hellip;]<\/p>\n","protected":false},"featured_media":2208,"comment_status":"open","ping_status":"closed","template":"","meta":{"_et_pb_use_builder":"","_et_pb_old_content":"","_et_gb_content_width":""},"product_brand":[],"product_cat":[25,26,27],"product_tag":[],"class_list":{"0":"post-2178","1":"product","2":"type-product","3":"status-publish","4":"has-post-thumbnail","6":"product_cat-alla-produkter","7":"product_cat-djurvard","8":"product_cat-hund","10":"first","11":"instock","12":"taxable","13":"shipping-taxable","14":"purchasable","15":"product-type-simple"},"_links":{"self":[{"href":"https:\/\/fyraess.se\/index.php?rest_route=\/wp\/v2\/product\/2178","targetHints":{"allow":["GET"]}}],"collection":[{"href":"https:\/\/fyraess.se\/index.php?rest_route=\/wp\/v2\/product"}],"about":[{"href":"https:\/\/fyraess.se\/index.php?rest_route=\/wp\/v2\/types\/product"}],"replies":[{"embeddable":true,"href":"https:\/\/fyraess.se\/index.php?rest_route=%2Fwp%2Fv2%2Fcomments&post=2178"}],"wp:featuredmedia":[{"embeddable":true,"href":"https:\/\/fyraess.se\/index.php?rest_route=\/wp\/v2\/media\/2208"}],"wp:attachment":[{"href":"https:\/\/fyraess.se\/index.php?rest_route=%2Fwp%2Fv2%2Fmedia&parent=2178"}],"wp:term":[{"taxonomy":"product_brand","embeddable":true,"href":"https:\/\/fyraess.se\/index.php?rest_route=%2Fwp%2Fv2%2Fproduct_brand&post=2178"},{"taxonomy":"product_cat","embeddable":true,"href":"https:\/\/fyraess.se\/index.php?rest_route=%2Fwp%2Fv2%2Fproduct_cat&post=2178"},{"taxonomy":"product_tag","embeddable":true,"href":"https:\/\/fyraess.se\/index.php?rest_route=%2Fwp%2Fv2%2Fproduct_tag&post=2178"}],"curies":[{"name":"wp","href":"https:\/\/api.w.org\/{rel}","templated":true}]}}