{"id":2170,"date":"2025-08-14T10:51:55","date_gmt":"2025-08-14T10:51:55","guid":{"rendered":"https:\/\/fyraess.se\/?post_type=product&#038;p=2170"},"modified":"2025-08-15T12:22:32","modified_gmt":"2025-08-15T12:22:32","slug":"sarspray-250ml","status":"publish","type":"product","link":"https:\/\/fyraess.se\/?product=sarspray-250ml","title":{"rendered":"S\u00e5rspray (100ml\/250ml)"},"content":{"rendered":"<p>4S s\u00e5rspray \u00e4r ett effektivt medel f\u00f6r s\u00e5rbehandling. Sprayas rikligt s\u00e5v\u00e4l runtom som direkt i s\u00e5ret. 4S s\u00e5rspray inneh\u00e5ller klorehexidin, som \u00e4r ett effektivt medel mot ett brett spekktrum av bakterier. Vid st\u00f6rre skador, kontakta alltid veterin\u00e4r. 4S s\u00e5rspray anv\u00e4nds och rekommenderas av ledande trav- och galopptr\u00e4nare, samt djuruppf\u00f6dare. 4 S s\u00e5rspray \u00e4r helt f\u00e4rgl\u00f6st, vilket inneb\u00e4r att det inte missf\u00e4rgar p\u00e4ls, kl\u00e4der eller hud. Flaskan inneh\u00e5ller inga skadlig drivgas. N\u00e4r s\u00e5ret v\u00e4l \u00e4r rengjort &#8211; applicera 4S h\u00e4stsalva eller 4S hundsalva. F\u00f6rvara flaskan o\u00e5tkomligt f\u00f6r barn och alltid tillsluten i f\u00f6rpackning.<\/p>\n<p><strong>Finns i 100ml och 250ml.<\/strong><\/p>\n","protected":false},"excerpt":{"rendered":"<p>4S s\u00e5rspray \u00e4r ett effektivt medel f\u00f6r s\u00e5rbehandling. Sprayas rikligt s\u00e5v\u00e4l runtom som direkt i s\u00e5ret. 4S s\u00e5rspray inneh\u00e5ller klorehexidin, som \u00e4r ett effektivt medel mot ett brett spekktrum av bakterier. Vid st\u00f6rre skador, kontakta alltid veterin\u00e4r. 4S s\u00e5rspray anv\u00e4nds och rekommenderas av ledande trav- och galopptr\u00e4nare, samt djuruppf\u00f6dare. 4 S s\u00e5rspray \u00e4r helt f\u00e4rgl\u00f6st, [&hellip;]<\/p>\n","protected":false},"featured_media":2239,"comment_status":"open","ping_status":"closed","template":"","meta":{"_et_pb_use_builder":"","_et_pb_old_content":"","_et_gb_content_width":""},"product_brand":[],"product_cat":[25,26,28,27],"product_tag":[],"class_list":{"0":"post-2170","1":"product","2":"type-product","3":"status-publish","4":"has-post-thumbnail","6":"product_cat-alla-produkter","7":"product_cat-djurvard","8":"product_cat-hast","9":"product_cat-hund","11":"first","12":"instock","13":"taxable","14":"shipping-taxable","15":"purchasable","16":"product-type-variable","17":"has-default-attributes"},"_links":{"self":[{"href":"https:\/\/fyraess.se\/index.php?rest_route=\/wp\/v2\/product\/2170","targetHints":{"allow":["GET"]}}],"collection":[{"href":"https:\/\/fyraess.se\/index.php?rest_route=\/wp\/v2\/product"}],"about":[{"href":"https:\/\/fyraess.se\/index.php?rest_route=\/wp\/v2\/types\/product"}],"replies":[{"embeddable":true,"href":"https:\/\/fyraess.se\/index.php?rest_route=%2Fwp%2Fv2%2Fcomments&post=2170"}],"wp:featuredmedia":[{"embeddable":true,"href":"https:\/\/fyraess.se\/index.php?rest_route=\/wp\/v2\/media\/2239"}],"wp:attachment":[{"href":"https:\/\/fyraess.se\/index.php?rest_route=%2Fwp%2Fv2%2Fmedia&parent=2170"}],"wp:term":[{"taxonomy":"product_brand","embeddable":true,"href":"https:\/\/fyraess.se\/index.php?rest_route=%2Fwp%2Fv2%2Fproduct_brand&post=2170"},{"taxonomy":"product_cat","embeddable":true,"href":"https:\/\/fyraess.se\/index.php?rest_route=%2Fwp%2Fv2%2Fproduct_cat&post=2170"},{"taxonomy":"product_tag","embeddable":true,"href":"https:\/\/fyraess.se\/index.php?rest_route=%2Fwp%2Fv2%2Fproduct_tag&post=2170"}],"curies":[{"name":"wp","href":"https:\/\/api.w.org\/{rel}","templated":true}]}}