{"id":2168,"date":"2025-08-14T10:51:55","date_gmt":"2025-08-14T10:51:55","guid":{"rendered":"https:\/\/fyraess.se\/?post_type=product&#038;p=2168"},"modified":"2025-08-21T09:26:37","modified_gmt":"2025-08-21T09:26:37","slug":"4s-b-vitamin-500-ml","status":"publish","type":"product","link":"https:\/\/fyraess.se\/?product=4s-b-vitamin-500-ml","title":{"rendered":"4S B-Vitamin (250ml\/500ml\/1000ml\/2700ml)"},"content":{"rendered":"<p>Fodertillskott som anv\u00e4ndes d\u00e5 det dagliga fodret ej t\u00e4cker djurets behov av B-vitamin. T ex. vid h\u00e5rd anstr\u00e4ngning, transporter, p\u00e4lsf\u00e4llning eller p\u00e4lss\u00e4ttning.<\/p>\n<p>\u2022 Fyra Ess B-vitamin \u00e4r ett flytande komplett B-vitamintillskott speciellt framtaget f\u00f6r h\u00e4star, hundar och \u00f6vriga p\u00e4lsdjur.<br \/>\n\u2022 Tillskott av B-vitamin anv\u00e4nds med f\u00f6rdel vid t ex. h\u00e5rd tr\u00e4ning, milj\u00f6byte, foderbyte och p\u00e4lsf\u00e4llning eller p\u00e4lss\u00e4ttning.<br \/>\n\u2022 G\u00f6r i motsats till de flesta andra B-vitaminpreparat fodret mer v\u00e4lsmakande.<br \/>\n\u2022 Flytande form &#8211; skyddar vitaminerna fr\u00e5n ljus och bakterier &#8211; i tillsluten flaska.<br \/>\n\u2022 L\u00e4tt och hygienisk att utfodra, tack vare insatskorken som finns p\u00e5 alla flaskor.<br \/>\n\u2022 R\u00e5varor av h\u00f6gsta kvalitet.<br \/>\n\u2022 Inneh\u00e5ller inga otill\u00e5tna ingredienser.<br \/>\n\u2022 Registrerad hos Jordbruksverket.<br \/>\n\u2022 Prisv\u00e4rt och effektivt.<\/p>\n<p><strong>Finns i storlekarna 250ml, 500ml, 1000ml och 2700ml.<\/strong><\/p>\n","protected":false},"excerpt":{"rendered":"<p>Fodertillskott som anv\u00e4ndes d\u00e5 det dagliga fodret ej t\u00e4cker djurets behov av B-vitamin. T ex. vid h\u00e5rd anstr\u00e4ngning, transporter, p\u00e4lsf\u00e4llning eller p\u00e4lss\u00e4ttning. \u2022 Fyra Ess B-vitamin \u00e4r ett flytande komplett B-vitamintillskott speciellt framtaget f\u00f6r h\u00e4star, hundar och \u00f6vriga p\u00e4lsdjur. \u2022 Tillskott av B-vitamin anv\u00e4nds med f\u00f6rdel vid t ex. h\u00e5rd tr\u00e4ning, milj\u00f6byte, foderbyte och p\u00e4lsf\u00e4llning [&hellip;]<\/p>\n","protected":false},"featured_media":2247,"comment_status":"open","ping_status":"closed","template":"","meta":{"_et_pb_use_builder":"","_et_pb_old_content":"","_et_gb_content_width":""},"product_brand":[],"product_cat":[25,26,28,27],"product_tag":[],"class_list":{"0":"post-2168","1":"product","2":"type-product","3":"status-publish","4":"has-post-thumbnail","6":"product_cat-alla-produkter","7":"product_cat-djurvard","8":"product_cat-hast","9":"product_cat-hund","11":"first","12":"instock","13":"taxable","14":"shipping-taxable","15":"purchasable","16":"product-type-variable"},"_links":{"self":[{"href":"https:\/\/fyraess.se\/index.php?rest_route=\/wp\/v2\/product\/2168","targetHints":{"allow":["GET"]}}],"collection":[{"href":"https:\/\/fyraess.se\/index.php?rest_route=\/wp\/v2\/product"}],"about":[{"href":"https:\/\/fyraess.se\/index.php?rest_route=\/wp\/v2\/types\/product"}],"replies":[{"embeddable":true,"href":"https:\/\/fyraess.se\/index.php?rest_route=%2Fwp%2Fv2%2Fcomments&post=2168"}],"wp:featuredmedia":[{"embeddable":true,"href":"https:\/\/fyraess.se\/index.php?rest_route=\/wp\/v2\/media\/2247"}],"wp:attachment":[{"href":"https:\/\/fyraess.se\/index.php?rest_route=%2Fwp%2Fv2%2Fmedia&parent=2168"}],"wp:term":[{"taxonomy":"product_brand","embeddable":true,"href":"https:\/\/fyraess.se\/index.php?rest_route=%2Fwp%2Fv2%2Fproduct_brand&post=2168"},{"taxonomy":"product_cat","embeddable":true,"href":"https:\/\/fyraess.se\/index.php?rest_route=%2Fwp%2Fv2%2Fproduct_cat&post=2168"},{"taxonomy":"product_tag","embeddable":true,"href":"https:\/\/fyraess.se\/index.php?rest_route=%2Fwp%2Fv2%2Fproduct_tag&post=2168"}],"curies":[{"name":"wp","href":"https:\/\/api.w.org\/{rel}","templated":true}]}}