{"id":2167,"date":"2025-08-14T10:51:55","date_gmt":"2025-08-14T10:51:55","guid":{"rendered":"https:\/\/fyraess.se\/?post_type=product&#038;p=2167"},"modified":"2025-08-15T10:39:58","modified_gmt":"2025-08-15T10:39:58","slug":"elektrolyte","status":"publish","type":"product","link":"https:\/\/fyraess.se\/?product=elektrolyte","title":{"rendered":"Elektrolyte"},"content":{"rendered":"<p>4S elektrolyt \u00e4r sammansatt f\u00f6r att ge en v\u00e4lbalanserad salttillf\u00f6rsel i kombination med energigivande druvsocker.<\/p>\n<p>Anv\u00e4nds vid riklig svettning tex vid t\u00e4vling\/ tr\u00e4ning. I samband med st\u00f6rningar i tarmfloran s\u00e5som l\u00f6s mage, \u00e4r ett tillskott av elektrolyter n\u00f6dv\u00e4ndigt f\u00f6r att kroppen ej ska torka ut.<\/p>\n","protected":false},"excerpt":{"rendered":"<p>4S elektrolyt \u00e4r sammansatt f\u00f6r att ge en v\u00e4lbalanserad salttillf\u00f6rsel i kombination med energigivande druvsocker. Anv\u00e4nds vid riklig svettning tex vid t\u00e4vling\/ tr\u00e4ning. I samband med st\u00f6rningar i tarmfloran s\u00e5som l\u00f6s mage, \u00e4r ett tillskott av elektrolyter n\u00f6dv\u00e4ndigt f\u00f6r att kroppen ej ska torka ut.<\/p>\n","protected":false},"featured_media":2240,"comment_status":"open","ping_status":"closed","template":"","meta":{"_et_pb_use_builder":"","_et_pb_old_content":"","_et_gb_content_width":""},"product_brand":[],"product_cat":[25,26,28,27],"product_tag":[],"class_list":{"0":"post-2167","1":"product","2":"type-product","3":"status-publish","4":"has-post-thumbnail","6":"product_cat-alla-produkter","7":"product_cat-djurvard","8":"product_cat-hast","9":"product_cat-hund","11":"first","12":"instock","13":"taxable","14":"shipping-taxable","15":"purchasable","16":"product-type-simple"},"_links":{"self":[{"href":"https:\/\/fyraess.se\/index.php?rest_route=\/wp\/v2\/product\/2167","targetHints":{"allow":["GET"]}}],"collection":[{"href":"https:\/\/fyraess.se\/index.php?rest_route=\/wp\/v2\/product"}],"about":[{"href":"https:\/\/fyraess.se\/index.php?rest_route=\/wp\/v2\/types\/product"}],"replies":[{"embeddable":true,"href":"https:\/\/fyraess.se\/index.php?rest_route=%2Fwp%2Fv2%2Fcomments&post=2167"}],"wp:featuredmedia":[{"embeddable":true,"href":"https:\/\/fyraess.se\/index.php?rest_route=\/wp\/v2\/media\/2240"}],"wp:attachment":[{"href":"https:\/\/fyraess.se\/index.php?rest_route=%2Fwp%2Fv2%2Fmedia&parent=2167"}],"wp:term":[{"taxonomy":"product_brand","embeddable":true,"href":"https:\/\/fyraess.se\/index.php?rest_route=%2Fwp%2Fv2%2Fproduct_brand&post=2167"},{"taxonomy":"product_cat","embeddable":true,"href":"https:\/\/fyraess.se\/index.php?rest_route=%2Fwp%2Fv2%2Fproduct_cat&post=2167"},{"taxonomy":"product_tag","embeddable":true,"href":"https:\/\/fyraess.se\/index.php?rest_route=%2Fwp%2Fv2%2Fproduct_tag&post=2167"}],"curies":[{"name":"wp","href":"https:\/\/api.w.org\/{rel}","templated":true}]}}