{"id":2165,"date":"2025-08-14T10:51:55","date_gmt":"2025-08-14T10:51:55","guid":{"rendered":"https:\/\/fyraess.se\/?post_type=product&#038;p=2165"},"modified":"2025-08-20T12:12:50","modified_gmt":"2025-08-20T12:12:50","slug":"4s-massageoil-sport-500-ml","status":"publish","type":"product","link":"https:\/\/fyraess.se\/?product=4s-massageoil-sport-500-ml","title":{"rendered":"4S Massageoil Sport (500ml\/2700ml)"},"content":{"rendered":"<p>4S massageoil sport \u00e4r en doftsatt hudv\u00e4nlig olja som minskar friktion mot huden vid massage, men \u00e4nd\u00e5 upplevs som greppv\u00e4nlig. Oljan \u00e4r framtagen i samarbete med mass\u00f6rer inom frisk- och idrottsmassage som under en l\u00e4ngre tid testat oljan s\u00e5 att den uppfyller de krav som ska st\u00e4llas p\u00e5 en bra massageolja.<\/p>\n<p>Applicera oljan p\u00e5 huden d\u00e5 oljan har rumstemperatur f\u00f6r att f\u00e5 en s\u00e5 behaglig och avslappnad massage som m\u00f6jligt. 4S massageoil Vanilla \u00e4r gjord med omsorg f\u00f6r s\u00e5v\u00e4l amat\u00f6rer som f\u00f6r professionella terapeutisk anv\u00e4ndning.<\/p>\n<p><strong>Finns i storlekarna 500ml och 2700ml.<\/strong><\/p>\n","protected":false},"excerpt":{"rendered":"<p>4S massageoil sport \u00e4r en doftsatt hudv\u00e4nlig olja som minskar friktion mot huden vid massage, men \u00e4nd\u00e5 upplevs som greppv\u00e4nlig. Oljan \u00e4r framtagen i samarbete med mass\u00f6rer inom frisk- och idrottsmassage som under en l\u00e4ngre tid testat oljan s\u00e5 att den uppfyller de krav som ska st\u00e4llas p\u00e5 en bra massageolja. Applicera oljan p\u00e5 huden [&hellip;]<\/p>\n","protected":false},"featured_media":2228,"comment_status":"open","ping_status":"closed","template":"","meta":{"_et_pb_use_builder":"","_et_pb_old_content":"","_et_gb_content_width":""},"product_brand":[],"product_cat":[25,33,42],"product_tag":[],"class_list":{"0":"post-2165","1":"product","2":"type-product","3":"status-publish","4":"has-post-thumbnail","6":"product_cat-alla-produkter","7":"product_cat-human","8":"product_cat-massage-produkter","10":"first","11":"instock","12":"taxable","13":"shipping-taxable","14":"purchasable","15":"product-type-variable"},"_links":{"self":[{"href":"https:\/\/fyraess.se\/index.php?rest_route=\/wp\/v2\/product\/2165","targetHints":{"allow":["GET"]}}],"collection":[{"href":"https:\/\/fyraess.se\/index.php?rest_route=\/wp\/v2\/product"}],"about":[{"href":"https:\/\/fyraess.se\/index.php?rest_route=\/wp\/v2\/types\/product"}],"replies":[{"embeddable":true,"href":"https:\/\/fyraess.se\/index.php?rest_route=%2Fwp%2Fv2%2Fcomments&post=2165"}],"wp:featuredmedia":[{"embeddable":true,"href":"https:\/\/fyraess.se\/index.php?rest_route=\/wp\/v2\/media\/2228"}],"wp:attachment":[{"href":"https:\/\/fyraess.se\/index.php?rest_route=%2Fwp%2Fv2%2Fmedia&parent=2165"}],"wp:term":[{"taxonomy":"product_brand","embeddable":true,"href":"https:\/\/fyraess.se\/index.php?rest_route=%2Fwp%2Fv2%2Fproduct_brand&post=2165"},{"taxonomy":"product_cat","embeddable":true,"href":"https:\/\/fyraess.se\/index.php?rest_route=%2Fwp%2Fv2%2Fproduct_cat&post=2165"},{"taxonomy":"product_tag","embeddable":true,"href":"https:\/\/fyraess.se\/index.php?rest_route=%2Fwp%2Fv2%2Fproduct_tag&post=2165"}],"curies":[{"name":"wp","href":"https:\/\/api.w.org\/{rel}","templated":true}]}}