{"id":2159,"date":"2025-08-14T10:51:55","date_gmt":"2025-08-14T10:51:55","guid":{"rendered":"https:\/\/fyraess.se\/?post_type=product&#038;p=2159"},"modified":"2025-08-20T12:12:31","modified_gmt":"2025-08-20T12:12:31","slug":"fyra-ess-original-tjarsalva","status":"publish","type":"product","link":"https:\/\/fyraess.se\/?product=fyra-ess-original-tjarsalva","title":{"rendered":"Fyra Ess Original Tj\u00e4rsalva"},"content":{"rendered":"<p>Baseras p\u00e5 en vattenfri salvbas som inneh\u00e5ller r\u00e5varor fr\u00e5n den svenska skogen. Den har funnits p\u00e5 den svenska marknaden sedan 1963 och \u00e4r en mycket v\u00e4lk\u00e4nd produkt. Fyra Ess Original har l\u00e4nge anv\u00e4nts med bra resultat av fotterapeuter. Salvan \u00e4r mjukg\u00f6rande, g\u00f6r huden len och smidig samt f\u00f6rebygger sprucken hud.<\/p>\n","protected":false},"excerpt":{"rendered":"<p>Baseras p\u00e5 en vattenfri salvbas som inneh\u00e5ller r\u00e5varor fr\u00e5n den svenska skogen. Den har funnits p\u00e5 den svenska marknaden sedan 1963 och \u00e4r en mycket v\u00e4lk\u00e4nd produkt. Fyra Ess Original har l\u00e4nge anv\u00e4nts med bra resultat av fotterapeuter. Salvan \u00e4r mjukg\u00f6rande, g\u00f6r huden len och smidig samt f\u00f6rebygger sprucken hud.<\/p>\n","protected":false},"featured_media":2237,"comment_status":"open","ping_status":"closed","template":"","meta":{"_et_pb_use_builder":"","_et_pb_old_content":"","_et_gb_content_width":""},"product_brand":[],"product_cat":[25,41,33],"product_tag":[],"class_list":{"0":"post-2159","1":"product","2":"type-product","3":"status-publish","4":"has-post-thumbnail","6":"product_cat-alla-produkter","7":"product_cat-lotioner","8":"product_cat-human","10":"first","11":"instock","12":"taxable","13":"shipping-taxable","14":"purchasable","15":"product-type-simple"},"_links":{"self":[{"href":"https:\/\/fyraess.se\/index.php?rest_route=\/wp\/v2\/product\/2159","targetHints":{"allow":["GET"]}}],"collection":[{"href":"https:\/\/fyraess.se\/index.php?rest_route=\/wp\/v2\/product"}],"about":[{"href":"https:\/\/fyraess.se\/index.php?rest_route=\/wp\/v2\/types\/product"}],"replies":[{"embeddable":true,"href":"https:\/\/fyraess.se\/index.php?rest_route=%2Fwp%2Fv2%2Fcomments&post=2159"}],"wp:featuredmedia":[{"embeddable":true,"href":"https:\/\/fyraess.se\/index.php?rest_route=\/wp\/v2\/media\/2237"}],"wp:attachment":[{"href":"https:\/\/fyraess.se\/index.php?rest_route=%2Fwp%2Fv2%2Fmedia&parent=2159"}],"wp:term":[{"taxonomy":"product_brand","embeddable":true,"href":"https:\/\/fyraess.se\/index.php?rest_route=%2Fwp%2Fv2%2Fproduct_brand&post=2159"},{"taxonomy":"product_cat","embeddable":true,"href":"https:\/\/fyraess.se\/index.php?rest_route=%2Fwp%2Fv2%2Fproduct_cat&post=2159"},{"taxonomy":"product_tag","embeddable":true,"href":"https:\/\/fyraess.se\/index.php?rest_route=%2Fwp%2Fv2%2Fproduct_tag&post=2159"}],"curies":[{"name":"wp","href":"https:\/\/api.w.org\/{rel}","templated":true}]}}