{"id":2131,"date":"2025-08-14T09:29:39","date_gmt":"2025-08-14T09:29:39","guid":{"rendered":"https:\/\/fyraess.se\/?post_type=product&#038;p=2131"},"modified":"2025-12-18T07:11:45","modified_gmt":"2025-12-18T07:11:45","slug":"4s-aloe-vera-gel","status":"publish","type":"product","link":"https:\/\/fyraess.se\/?product=4s-aloe-vera-gel","title":{"rendered":"4S Aloe Vera Gel"},"content":{"rendered":"<p>4S Aloe Vera Gel \u00e4r tillverkad av certifierad Aloe Vera extrakt som \u00e4r kontrollerad och godk\u00e4nd av I.A.S.C. Inneh\u00e5llet av Aloe Veragel motsvarar 96,7 % ren Aloe Vera . Aloe Vera har anv\u00e4nts under \u00e5rtusenden f\u00f6r sina goda egenskaper f\u00f6r att vara positiv f\u00f6r huden. Sm\u00f6rj ett tunt lager av Aloe Veragel och l\u00e5t torka. Gelen k\u00e4nns mycket behaglig och upplevs som en fr\u00e4sch gel som inte kladdar.<\/p>\n<p>Anv\u00e4nds \u00f6ver hela kroppen, efter solning, f\u00f6r mycket solning, mot kl\u00e5da vid insektstick, massage i h\u00e5rbotten, kylning av varm hud mm.<\/p>\n","protected":false},"excerpt":{"rendered":"<p>4S Aloe Vera Gel \u00e4r tillverkad av certifierad Aloe Vera extrakt som \u00e4r kontrollerad och godk\u00e4nd av I.A.S.C. Inneh\u00e5llet av Aloe Veragel motsvarar 96,7 % ren Aloe Vera . Aloe Vera har anv\u00e4nts under \u00e5rtusenden f\u00f6r sina goda egenskaper f\u00f6r att vara positiv f\u00f6r huden. Sm\u00f6rj ett tunt lager av Aloe Veragel och l\u00e5t torka. [&hellip;]<\/p>\n","protected":false},"featured_media":2192,"comment_status":"open","ping_status":"closed","template":"","meta":{"_et_pb_use_builder":"","_et_pb_old_content":"","_et_gb_content_width":""},"product_brand":[],"product_cat":[25,41,33],"product_tag":[],"class_list":{"0":"post-2131","1":"product","2":"type-product","3":"status-publish","4":"has-post-thumbnail","6":"product_cat-alla-produkter","7":"product_cat-lotioner","8":"product_cat-human","10":"first","11":"instock","12":"taxable","13":"shipping-taxable","14":"purchasable","15":"product-type-simple"},"_links":{"self":[{"href":"https:\/\/fyraess.se\/index.php?rest_route=\/wp\/v2\/product\/2131","targetHints":{"allow":["GET"]}}],"collection":[{"href":"https:\/\/fyraess.se\/index.php?rest_route=\/wp\/v2\/product"}],"about":[{"href":"https:\/\/fyraess.se\/index.php?rest_route=\/wp\/v2\/types\/product"}],"replies":[{"embeddable":true,"href":"https:\/\/fyraess.se\/index.php?rest_route=%2Fwp%2Fv2%2Fcomments&post=2131"}],"wp:featuredmedia":[{"embeddable":true,"href":"https:\/\/fyraess.se\/index.php?rest_route=\/wp\/v2\/media\/2192"}],"wp:attachment":[{"href":"https:\/\/fyraess.se\/index.php?rest_route=%2Fwp%2Fv2%2Fmedia&parent=2131"}],"wp:term":[{"taxonomy":"product_brand","embeddable":true,"href":"https:\/\/fyraess.se\/index.php?rest_route=%2Fwp%2Fv2%2Fproduct_brand&post=2131"},{"taxonomy":"product_cat","embeddable":true,"href":"https:\/\/fyraess.se\/index.php?rest_route=%2Fwp%2Fv2%2Fproduct_cat&post=2131"},{"taxonomy":"product_tag","embeddable":true,"href":"https:\/\/fyraess.se\/index.php?rest_route=%2Fwp%2Fv2%2Fproduct_tag&post=2131"}],"curies":[{"name":"wp","href":"https:\/\/api.w.org\/{rel}","templated":true}]}}