{"id":2129,"date":"2025-08-14T09:29:39","date_gmt":"2025-08-14T09:29:39","guid":{"rendered":"https:\/\/fyraess.se\/?post_type=product&#038;p=2129"},"modified":"2025-08-20T12:16:06","modified_gmt":"2025-08-20T12:16:06","slug":"4s-vit-vaselin-800g","status":"publish","type":"product","link":"https:\/\/fyraess.se\/?product=4s-vit-vaselin-800g","title":{"rendered":"4S Vit Vaselin 800g"},"content":{"rendered":"<p>4S vit vaselin, 100% ren petrolatum och hela tillverkningsprocessen \u00e4r v\u00e4l dokumenterad.<\/p>\n<p>Anv\u00e4nds med f\u00f6rdel av tatuerare.<\/p>\n<p>F\u00f6rpackning om 800g.<\/p>\n","protected":false},"excerpt":{"rendered":"<p>4S vit vaselin, 100% ren petrolatum och hela tillverkningsprocessen \u00e4r v\u00e4l dokumenterad. Anv\u00e4nds med f\u00f6rdel av tatuerare. F\u00f6rpackning om 800g.<\/p>\n","protected":false},"featured_media":2236,"comment_status":"open","ping_status":"closed","template":"","meta":{"_et_pb_use_builder":"","_et_pb_old_content":"","_et_gb_content_width":""},"product_brand":[],"product_cat":[25,41,33,42,37],"product_tag":[],"class_list":{"0":"post-2129","1":"product","2":"type-product","3":"status-publish","4":"has-post-thumbnail","6":"product_cat-alla-produkter","7":"product_cat-lotioner","8":"product_cat-human","9":"product_cat-massage-produkter","10":"product_cat-ovrigt","12":"first","13":"instock","14":"taxable","15":"shipping-taxable","16":"purchasable","17":"product-type-simple"},"_links":{"self":[{"href":"https:\/\/fyraess.se\/index.php?rest_route=\/wp\/v2\/product\/2129","targetHints":{"allow":["GET"]}}],"collection":[{"href":"https:\/\/fyraess.se\/index.php?rest_route=\/wp\/v2\/product"}],"about":[{"href":"https:\/\/fyraess.se\/index.php?rest_route=\/wp\/v2\/types\/product"}],"replies":[{"embeddable":true,"href":"https:\/\/fyraess.se\/index.php?rest_route=%2Fwp%2Fv2%2Fcomments&post=2129"}],"wp:featuredmedia":[{"embeddable":true,"href":"https:\/\/fyraess.se\/index.php?rest_route=\/wp\/v2\/media\/2236"}],"wp:attachment":[{"href":"https:\/\/fyraess.se\/index.php?rest_route=%2Fwp%2Fv2%2Fmedia&parent=2129"}],"wp:term":[{"taxonomy":"product_brand","embeddable":true,"href":"https:\/\/fyraess.se\/index.php?rest_route=%2Fwp%2Fv2%2Fproduct_brand&post=2129"},{"taxonomy":"product_cat","embeddable":true,"href":"https:\/\/fyraess.se\/index.php?rest_route=%2Fwp%2Fv2%2Fproduct_cat&post=2129"},{"taxonomy":"product_tag","embeddable":true,"href":"https:\/\/fyraess.se\/index.php?rest_route=%2Fwp%2Fv2%2Fproduct_tag&post=2129"}],"curies":[{"name":"wp","href":"https:\/\/api.w.org\/{rel}","templated":true}]}}