{"id":2126,"date":"2025-08-14T09:29:39","date_gmt":"2025-08-14T09:29:39","guid":{"rendered":"https:\/\/fyraess.se\/?post_type=product&#038;p=2126"},"modified":"2025-08-20T12:14:47","modified_gmt":"2025-08-20T12:14:47","slug":"4s-heatwave-tub-100-ml","status":"publish","type":"product","link":"https:\/\/fyraess.se\/?product=4s-heatwave-tub-100-ml","title":{"rendered":"4S Heatwave (100ml\/500ml)"},"content":{"rendered":"<p>4S heatwave \u00e4r ett aloe vera massageliniment i cremeform. Anv\u00e4nds vid massage f\u00f6r att ge nytt liv i tr\u00f6tta och &#8221;slaggtyngda&#8221; delar av kroppen och v\u00e4rmer vid massage och kyler d\u00e4refter. Heatwave har tagits fram f\u00f6r b\u00e4sta greppv\u00e4nlighet och friktion mot huden, allt f\u00f6r att uppn\u00e5 en b\u00e4ttre massage.<\/p>\n<p>4S heatwave masseras in i f\u00f6rebyggande eller behandlande syfte. Extra effekt erh\u00e5lls genom att \u00f6ka m\u00e4ngden creme. F\u00f6r behaglig massage b\u00f6r cremen vara rumstempererad vid anv\u00e4ndning. Cremen \u00e4r avsedd f\u00f6r s\u00e5v\u00e4l professionell massage som f\u00f6r amat\u00f6rens egenv\u00e5rd. Tv\u00e4ttas l\u00e4tt bort med tv\u00e5l och vatten.<\/p>\n<p><strong>Finns i storlekarna 100ml och 500ml<\/strong><\/p>\n","protected":false},"excerpt":{"rendered":"<p>4S heatwave \u00e4r ett aloe vera massageliniment i cremeform. Anv\u00e4nds vid massage f\u00f6r att ge nytt liv i tr\u00f6tta och &#8221;slaggtyngda&#8221; delar av kroppen och v\u00e4rmer vid massage och kyler d\u00e4refter. Heatwave har tagits fram f\u00f6r b\u00e4sta greppv\u00e4nlighet och friktion mot huden, allt f\u00f6r att uppn\u00e5 en b\u00e4ttre massage. 4S heatwave masseras in i f\u00f6rebyggande [&hellip;]<\/p>\n","protected":false},"featured_media":2217,"comment_status":"open","ping_status":"closed","template":"","meta":{"_et_pb_use_builder":"","_et_pb_old_content":"","_et_gb_content_width":""},"product_brand":[],"product_cat":[25,33,42],"product_tag":[],"class_list":{"0":"post-2126","1":"product","2":"type-product","3":"status-publish","4":"has-post-thumbnail","6":"product_cat-alla-produkter","7":"product_cat-human","8":"product_cat-massage-produkter","10":"first","11":"instock","12":"taxable","13":"shipping-taxable","14":"purchasable","15":"product-type-variable"},"_links":{"self":[{"href":"https:\/\/fyraess.se\/index.php?rest_route=\/wp\/v2\/product\/2126","targetHints":{"allow":["GET"]}}],"collection":[{"href":"https:\/\/fyraess.se\/index.php?rest_route=\/wp\/v2\/product"}],"about":[{"href":"https:\/\/fyraess.se\/index.php?rest_route=\/wp\/v2\/types\/product"}],"replies":[{"embeddable":true,"href":"https:\/\/fyraess.se\/index.php?rest_route=%2Fwp%2Fv2%2Fcomments&post=2126"}],"wp:featuredmedia":[{"embeddable":true,"href":"https:\/\/fyraess.se\/index.php?rest_route=\/wp\/v2\/media\/2217"}],"wp:attachment":[{"href":"https:\/\/fyraess.se\/index.php?rest_route=%2Fwp%2Fv2%2Fmedia&parent=2126"}],"wp:term":[{"taxonomy":"product_brand","embeddable":true,"href":"https:\/\/fyraess.se\/index.php?rest_route=%2Fwp%2Fv2%2Fproduct_brand&post=2126"},{"taxonomy":"product_cat","embeddable":true,"href":"https:\/\/fyraess.se\/index.php?rest_route=%2Fwp%2Fv2%2Fproduct_cat&post=2126"},{"taxonomy":"product_tag","embeddable":true,"href":"https:\/\/fyraess.se\/index.php?rest_route=%2Fwp%2Fv2%2Fproduct_tag&post=2126"}],"curies":[{"name":"wp","href":"https:\/\/api.w.org\/{rel}","templated":true}]}}