{"id":2118,"date":"2025-08-14T09:29:38","date_gmt":"2025-08-14T09:29:38","guid":{"rendered":"https:\/\/fyraess.se\/?post_type=product&#038;p=2118"},"modified":"2026-02-19T12:01:36","modified_gmt":"2026-02-19T12:01:36","slug":"4s-aloe-vera-lavendelskin","status":"publish","type":"product","link":"https:\/\/fyraess.se\/?product=4s-aloe-vera-lavendelskin","title":{"rendered":"4S Aloe Vera Lavendelskin"},"content":{"rendered":"<p>4S Aloevera\u00a0lavendelskin \u00e4r en specielcreme f\u00f6r hela kroppen och anv\u00e4nds d\u00e4r huden upplevs som torr och osmidig. Cremen har fuktighetsbevarande \u00e4mnen som bidrar till att huden k\u00e4nns mjuk och behaglig. Tr\u00e4nger snabbt in och m\u00e4ttar huden utan att upplevas kladdig. Cremen anv\u00e4nds med f\u00f6rdel som hand &amp; fotcremen.<\/p>\n<p><strong>Anv\u00e4ndning: <\/strong>Sm\u00f6rj in huden i f\u00f6rebyggande eller behahandlande syfte, tex efter sol, bad och dusch.<\/p>\n","protected":false},"excerpt":{"rendered":"<p>4S Aloevera\u00a0lavendelskin \u00e4r en specielcreme f\u00f6r hela kroppen och anv\u00e4nds d\u00e4r huden upplevs som torr och osmidig. Cremen har fuktighetsbevarande \u00e4mnen som bidrar till att huden k\u00e4nns mjuk och behaglig. Tr\u00e4nger snabbt in och m\u00e4ttar huden utan att upplevas kladdig. Cremen anv\u00e4nds med f\u00f6rdel som hand &amp; fotcremen. Anv\u00e4ndning: Sm\u00f6rj in huden i f\u00f6rebyggande eller [&hellip;]<\/p>\n","protected":false},"featured_media":2146,"comment_status":"open","ping_status":"closed","template":"","meta":{"_et_pb_use_builder":"","_et_pb_old_content":"","_et_gb_content_width":""},"product_brand":[],"product_cat":[25,41,33],"product_tag":[],"class_list":{"0":"post-2118","1":"product","2":"type-product","3":"status-publish","4":"has-post-thumbnail","6":"product_cat-alla-produkter","7":"product_cat-lotioner","8":"product_cat-human","10":"first","11":"outofstock","12":"sold-individually","13":"taxable","14":"shipping-taxable","15":"purchasable","16":"product-type-simple"},"_links":{"self":[{"href":"https:\/\/fyraess.se\/index.php?rest_route=\/wp\/v2\/product\/2118","targetHints":{"allow":["GET"]}}],"collection":[{"href":"https:\/\/fyraess.se\/index.php?rest_route=\/wp\/v2\/product"}],"about":[{"href":"https:\/\/fyraess.se\/index.php?rest_route=\/wp\/v2\/types\/product"}],"replies":[{"embeddable":true,"href":"https:\/\/fyraess.se\/index.php?rest_route=%2Fwp%2Fv2%2Fcomments&post=2118"}],"wp:featuredmedia":[{"embeddable":true,"href":"https:\/\/fyraess.se\/index.php?rest_route=\/wp\/v2\/media\/2146"}],"wp:attachment":[{"href":"https:\/\/fyraess.se\/index.php?rest_route=%2Fwp%2Fv2%2Fmedia&parent=2118"}],"wp:term":[{"taxonomy":"product_brand","embeddable":true,"href":"https:\/\/fyraess.se\/index.php?rest_route=%2Fwp%2Fv2%2Fproduct_brand&post=2118"},{"taxonomy":"product_cat","embeddable":true,"href":"https:\/\/fyraess.se\/index.php?rest_route=%2Fwp%2Fv2%2Fproduct_cat&post=2118"},{"taxonomy":"product_tag","embeddable":true,"href":"https:\/\/fyraess.se\/index.php?rest_route=%2Fwp%2Fv2%2Fproduct_tag&post=2118"}],"curies":[{"name":"wp","href":"https:\/\/api.w.org\/{rel}","templated":true}]}}